{"id":2779,"date":"2020-01-31T08:14:27","date_gmt":"2020-01-31T07:14:27","guid":{"rendered":"http:\/\/www.jochenguertler.de\/?page_id=2779"},"modified":"2020-12-07T10:30:14","modified_gmt":"2020-12-07T09:30:14","slug":"design-thinking-masterclass-kreativitaet","status":"publish","type":"page","link":"https:\/\/www.jochenguertler.de\/?page_id=2779","title":{"rendered":"Design Thinking Masterclass: Kreativit\u00e4t"},"content":{"rendered":"\n<div class=\"wp-block-image\"><figure class=\"aligncenter\"><img loading=\"lazy\" decoding=\"async\" width=\"1024\" height=\"1024\" src=\"https:\/\/www.jochenguertler.de\/wp-content\/uploads\/2020\/01\/2018-11-21-10.05.39-1917393511079253882_6890354208-1024x1024.jpg\" alt=\"\" class=\"wp-image-2780\" srcset=\"https:\/\/www.jochenguertler.de\/wp-content\/uploads\/2020\/01\/2018-11-21-10.05.39-1917393511079253882_6890354208-1024x1024.jpg 1024w, https:\/\/www.jochenguertler.de\/wp-content\/uploads\/2020\/01\/2018-11-21-10.05.39-1917393511079253882_6890354208-150x150.jpg 150w, https:\/\/www.jochenguertler.de\/wp-content\/uploads\/2020\/01\/2018-11-21-10.05.39-1917393511079253882_6890354208-300x300.jpg 300w, https:\/\/www.jochenguertler.de\/wp-content\/uploads\/2020\/01\/2018-11-21-10.05.39-1917393511079253882_6890354208-768x768.jpg 768w, https:\/\/www.jochenguertler.de\/wp-content\/uploads\/2020\/01\/2018-11-21-10.05.39-1917393511079253882_6890354208-100x100.jpg 100w, https:\/\/www.jochenguertler.de\/wp-content\/uploads\/2020\/01\/2018-11-21-10.05.39-1917393511079253882_6890354208.jpg 1080w\" sizes=\"auto, (max-width: 1024px) 100vw, 1024px\" \/><\/figure><\/div>\n\n\n\n<blockquote class=\"wp-block-quote is-layout-flow wp-block-quote-is-layout-flow\"><p><strong>\u201cCreativity is not a talent. It is a way of operating.\u201d <\/strong><\/p><cite>John Cleese<\/cite><\/blockquote>\n\n\n\n<h4 class=\"wp-block-heading\">Warum Kreativit\u00e4t viel mehr ist als die richtige Brainstorming-Methode.<\/h4>\n\n\n\n<p class=\"has-drop-cap\">In dieser Masterclass werden wir das Thema \u201eKreativit\u00e4t\u201c aus den unterschiedlichsten Perspektiven n\u00e4her betrachten und erlebbar machen. Im Vordergrund steht dabei immer die Praxis. Anhand verschiedener \u00dcbungen und Experimente werden die Teilnehmenden ihre eigene Kreativit\u00e4t wahrnehmen, aktivieren und erleben. <\/p>\n\n\n\n<p style=\"text-align:left\">Kurze Impulsvortr\u00e4ge geben den theoretischen Rahmen. Am Ende schauen wir gemeinsam, wie Sie f\u00fcr sich pers\u00f6nlich und in Ihrer Rolle als Design Thinker kreativer leben und arbeiten k\u00f6nnen, und wie Sie andere in deren kreativem Prozess optimal unterst\u00fctzen k\u00f6nnen. Gen\u00fcgend Zeit f\u00fcr Reflexion des Erlebten und Gelernten runden das Programm ab.  <\/p>\n\n\n\n<p>Wir werden uns u.a. mit folgenden Fragen besch\u00e4ftigen: <\/p>\n\n\n\n<ul class=\"wp-block-list\"><li>Was ist eigentlich Kreativit\u00e4t? Und kann man sie erlernen?<\/li><li>Wie f\u00fchlt sich Kreativit\u00e4t an? Welche Emotionen und Sinne werden angesprochen? <\/li><li>Was passiert in unserem Gehirn, wenn wir kreativ sind? Welche Konsequenzen hat dies auf unsere kreative Arbeit?<\/li><li>Was k\u00f6nnen wir von &#8222;Kreativen&#8220; und K\u00fcnstlern lernen? <\/li><li>Wie kann Kreativit\u00e4t in vorgedachte und oft durchgetaktete Workshop-Formate oder Arbeitsprozesse integriert werden? <\/li><li>Wie kann ich als Design Thinking Coach Einzelne und Teams besser unterst\u00fctzen, kreativer zu sein? <\/li><\/ul>\n\n\n\n<h4 class=\"wp-block-heading\">Zielgruppe<\/h4>\n\n\n\n<p>Die Masterclass richtet sich an erfahrene Design Thinker und Design Thinking Coaches, die sich vertiefend mit der Thematik auseinandersetzen wollen.<\/p>\n\n\n\n<h4 class=\"wp-block-heading\">Die Location<\/h4>\n\n\n\n<p>Die Masterclass finden in dem wunderbaren <a rel=\"noreferrer noopener\" href=\"https:\/\/www.kreativraum-karlsruhe.de\/\" target=\"_blank\">Kreativraum FLOW<\/a> mitten im alten Schlachthof am Rande der Karlsruher Oststadt statt.<\/p>\n\n\n\n<h4 class=\"wp-block-heading\">Teilnahmegeb\u00fchr und -bedingungen<\/h4>\n\n\n\n<p>Die   Teilnahmegeb\u00fchr betr\u00e4gt  pro Person f\u00fcr Firmen \u20ac 935,- ( und f\u00fcr  Selbstzahler \u20ac 635,- . Die   Preise verstehen sich netto zzgl. MwSt.<br><strong>Dar\u00fcberhinaus gew\u00e4hre ich  5% &#8222;Buddy-Rabatt&#8220;, wenn Du Deinen Lieblings-Design-Thinking-Buddy mitbringst.<\/strong><\/p>\n\n\n\n<p>In der Teilnahmegeb\u00fchr sind  die Seminarleistung, s\u00e4mtliche Seminarunterlagen, sonstige ben\u00f6tigte Materialien, eine  Foto-Dokumentation, Pausengetr\u00e4nke, -snacks und Mittagessen (bzw. Abendessen am Montag) enthalten.<\/p>\n\n\n\n<p>Die maximale Teilnehmerzahl von 12 Teilnehmenden garantiert f\u00fcr alle eine intensive Lernerfahrung. Es gilt der Eingang der Anmeldung.<\/p>\n\n\n\n<p>Bei Absage bis sp\u00e4testens 3 Wochen vor der Masterclass werden 100% des Teilnahmebeitrags zur\u00fcck erstattet. Bei Absage bis 2 Wochen vorher, werden 50% zur\u00fcck erstattet (bei Ersatzkandidat 100%). Bei einer kurzfristigeren Absage kann  leider keine R\u00fcckerstattung geleistet werden (au\u00dfer bei Ersatzkandidat, dann 100%).<\/p>\n\n\n\n<p>Die Mindestteilnehmeranzahl sind 6 Teilnehmende. Bei Absage von Seiten des Veranstalters wird der komplette Teilnahmebeitrag zur\u00fcck\u00fcberwiesen.<\/p>\n\n\n\n<p><strong>Anfragen bitte \u00fcber <\/strong><a href=\"mailto:hallo@jochenguertler.de\"><strong>hallo@jochenguertler.de<\/strong><\/a><\/p>\n\n\n\n<p>Selbstverst\u00e4ndlich biete ich diese Masterclass auch als<strong> Inhouse-Training<\/strong> an. Bei interesse einfach melden.<\/p>\n\n\n\n<h4 class=\"wp-block-heading\">Hotel-Empfehlungen<\/h4>\n\n\n\n<p>In unmittelbarer N\u00e4he des Schlachthofs und in wenigen Gehminuten bequem erreichbar sind die zwei folgenden Hotels, die ich wirklich empfehlen kann:<\/p>\n\n\n\n<ul class=\"wp-block-list\"><li><a href=\"http:\/\/sevendays-hotel.de\/de\/karlsruhe\">seven Days Hotel &amp; Boardinghous Karlsruhe<\/a><\/li><li><a href=\"https:\/\/holiday-inn-express-karlsruhe-city-park.hotel-mix.de\/\">Holiday Inn Express Karlsruhe<\/a><\/li><\/ul>\n\n\n\n<p><strong>Ich freue mich, Sie bei dieser Masterclass begr\u00fcssen zu d\u00fcrfen.<\/strong><\/p>\n\n\n\n<blockquote class=\"wp-block-quote is-layout-flow wp-block-quote-is-layout-flow\"><p><strong>&#8222;Every child is an artist. The problem is how to remain an artist once he grows up.<\/strong>&#8222;<\/p><cite>Pablo Picasso<\/cite><\/blockquote>\n","protected":false},"excerpt":{"rendered":"<p>\u201cCreativity is not a talent. It is a way of operating.\u201d John Cleese Warum Kreativit\u00e4t viel mehr ist als die richtige Brainstorming-Methode. In dieser Masterclass werden wir das Thema \u201eKreativit\u00e4t\u201c aus den unterschiedlichsten Perspektiven n\u00e4her betrachten und erlebbar machen. Im Vordergrund steht dabei immer die Praxis. Anhand verschiedener \u00dcbungen und Experimente werden die Teilnehmenden ihre [&hellip;]<\/p>\n","protected":false},"author":1,"featured_media":0,"parent":0,"menu_order":0,"comment_status":"closed","ping_status":"closed","template":"","meta":{"footnotes":""},"class_list":["post-2779","page","type-page","status-publish","hentry"],"_links":{"self":[{"href":"https:\/\/www.jochenguertler.de\/index.php?rest_route=\/wp\/v2\/pages\/2779","targetHints":{"allow":["GET"]}}],"collection":[{"href":"https:\/\/www.jochenguertler.de\/index.php?rest_route=\/wp\/v2\/pages"}],"about":[{"href":"https:\/\/www.jochenguertler.de\/index.php?rest_route=\/wp\/v2\/types\/page"}],"author":[{"embeddable":true,"href":"https:\/\/www.jochenguertler.de\/index.php?rest_route=\/wp\/v2\/users\/1"}],"replies":[{"embeddable":true,"href":"https:\/\/www.jochenguertler.de\/index.php?rest_route=%2Fwp%2Fv2%2Fcomments&post=2779"}],"version-history":[{"count":0,"href":"https:\/\/www.jochenguertler.de\/index.php?rest_route=\/wp\/v2\/pages\/2779\/revisions"}],"wp:attachment":[{"href":"https:\/\/www.jochenguertler.de\/index.php?rest_route=%2Fwp%2Fv2%2Fmedia&parent=2779"}],"curies":[{"name":"wp","href":"https:\/\/api.w.org\/{rel}","templated":true}]}}