{"id":2836,"date":"2020-01-31T11:35:07","date_gmt":"2020-01-31T10:35:07","guid":{"rendered":"http:\/\/www.jochenguertler.de\/?page_id=2836"},"modified":"2020-12-07T10:29:50","modified_gmt":"2020-12-07T09:29:50","slug":"design-thinking-masterclass-facilitation","status":"publish","type":"page","link":"https:\/\/www.jochenguertler.de\/?page_id=2836","title":{"rendered":"Design Thinking Masterclass: Facilitation"},"content":{"rendered":"\n<figure class=\"wp-block-image\"><img loading=\"lazy\" decoding=\"async\" width=\"1024\" height=\"1024\" src=\"https:\/\/www.jochenguertler.de\/wp-content\/uploads\/2020\/01\/2018-09-06-13.56.55-1862396753219777940_6890354208-1024x1024.jpg\" alt=\"\" class=\"wp-image-2838\" srcset=\"https:\/\/www.jochenguertler.de\/wp-content\/uploads\/2020\/01\/2018-09-06-13.56.55-1862396753219777940_6890354208-1024x1024.jpg 1024w, https:\/\/www.jochenguertler.de\/wp-content\/uploads\/2020\/01\/2018-09-06-13.56.55-1862396753219777940_6890354208-150x150.jpg 150w, https:\/\/www.jochenguertler.de\/wp-content\/uploads\/2020\/01\/2018-09-06-13.56.55-1862396753219777940_6890354208-300x300.jpg 300w, https:\/\/www.jochenguertler.de\/wp-content\/uploads\/2020\/01\/2018-09-06-13.56.55-1862396753219777940_6890354208-768x768.jpg 768w, https:\/\/www.jochenguertler.de\/wp-content\/uploads\/2020\/01\/2018-09-06-13.56.55-1862396753219777940_6890354208-100x100.jpg 100w, https:\/\/www.jochenguertler.de\/wp-content\/uploads\/2020\/01\/2018-09-06-13.56.55-1862396753219777940_6890354208.jpg 1080w\" sizes=\"auto, (max-width: 1024px) 100vw, 1024px\" \/><\/figure>\n\n\n\n<h4 class=\"wp-block-heading\">Weniger tun und mehr erreichen. Von durchgetakteter Agenda hin zu Raum-gebender Begleitung von Teams und Organisationen.<\/h4>\n\n\n\n<p class=\"has-drop-cap\">Facilitation ist gem\u00e4\u00df der Definition der <a href=\"https:\/\/www.iaf-world.org\/site\/\">International Association of Facilitation<\/a> (IAF) <em>&#8222;die Kunst, die Kreativit\u00e4t und Weisheit einer Gruppe zu Tage zu f\u00f6rdern durch Dialog, durch das Verfolgen umfangreicher Transparenz und Klarheit sowie eine Art der Beteiligung, die unterschiedliche Perspektiven als Ressource und nicht als St\u00f6rung sieht.&#8220;<\/em><\/p>\n\n\n\n<p>Spannenderweise ist dies aus meiner Sicht garnicht so weit entfernt von der Arbeit als Design Thinking Coach. Und dennoch bedeutet Facilitation weit mehr als das durchmoderieren einer oft eng getakteten Workshop-Agenda. In diesem Spannungsfeld wollen wir uns in dieser Masterclass bewegen.<\/p>\n\n\n\n<p>Das eigene Erleben und Ausprobieren steht w\u00e4hrend des gesamten Trainings ganz klar im Vordergrund, kurze Impulsvortr\u00e4ge geben den theoretischen Hintergrund und Zeit f\u00fcr Reflexion des Erlebten und Gelernten runden das Programm ab.  <\/p>\n\n\n\n<p>Wir werden uns u.a. mit folgenden Fragen und Aspekte besch\u00e4ftigen:<\/p>\n\n\n\n<ul class=\"wp-block-list\"><li>Mit welcher Grundhaltung mir selbst und den Teilnehmenden gegen\u00fcber plane und gestalte ich meine Workshops?<\/li><li>Wie kann ich (Design Thinking) Teams mehr Freir\u00e4ume und Gestaltungsm\u00f6glichkeiten geben, ohne &#8222;die Kontrolle&#8220; zu verlieren?<\/li><li>Welche Formate gibt es jenseits des klassischen Design Thinking Workshops noch, um mit (Gross-) Gruppen an Neuem zu arbeiten?<\/li><li>Welche Dramaturgie steckt hinter einem erfolgreichen Workshop?<\/li><li>Wie kann ich speziell als Design Thinking Coach &#8222;weniger tun&#8220; und gleichzeitig zusammen mit den Teilnehmenden &#8222;mehr erreichen&#8220;?<\/li><\/ul>\n\n\n\n<p>Dar\u00fcberhinaus werden wir uns in dieser Masterclass auch mit einer sowohl f\u00fcr mich als Coach oder Berater als auch f\u00fcr unseren Kunden &#8222;erfolgreichen&#8220; und sinnvollen Auftrags- bzw. Mandatskl\u00e4rung besch\u00e4ftigen. Daf\u00fcr werden wir diverse Denkmodelle diskutieren, die in meiner Erfahrung dabei sehr hilfreich sind.<\/p>\n\n\n\n<h4 class=\"wp-block-heading\">Zielgruppe<\/h4>\n\n\n\n<p>Die Masterclass richtet sich an erfahrene Design Thinker und Design Thinking Coaches, die sich vertiefend mit der Thematik auseinandersetzen wollen.<\/p>\n\n\n\n<h4 class=\"wp-block-heading\">Die Location<\/h4>\n\n\n\n<p>Die Masterclass finden in dem wunderbaren <a rel=\"noreferrer noopener\" href=\"https:\/\/www.kreativraum-karlsruhe.de\/\" target=\"_blank\">Kreativraum FLOW<\/a> mitten im alten Schlachthof am Rande der Karlsruher Oststadt statt.<\/p>\n\n\n\n<h4 class=\"wp-block-heading\">Teilnahmegeb\u00fchr und -bedingungen<\/h4>\n\n\n\n<p>Die   Teilnahmegeb\u00fchr betr\u00e4gt  pro Person f\u00fcr Firmen \u20ac 935,- ( und f\u00fcr Selbstzahler \u20ac 635,- . Die Preise verstehen sich netto zzgl. MwSt.<br><strong>Dar\u00fcberhinaus gew\u00e4hre ich  5% &#8222;Buddy-Rabatt&#8220;, wenn Du Deinen Lieblings-Design-Thinking-Buddy mitbringst.<\/strong><\/p>\n\n\n\n<p>Die maximale Teilnehmerzahl von 12 Teilnehmenden garantiert f\u00fcr alle eine intensive Lernerfahrung. Es gilt der Eingang der Anmeldung.<\/p>\n\n\n\n<p>In der Teilnahmegeb\u00fchr sind  die Seminarleistung, s\u00e4mtliche Seminarunterlagen, sonstige ben\u00f6tigte Materialien, eine  Foto-Dokumentation, Pausengetr\u00e4nke, -snacks und Mittagessen (bzw. Abendessen am Montag) enthalten.<\/p>\n\n\n\n<p>Bei Absage bis sp\u00e4testens 3 Wochen vor der Masterclass werden 100% des Teilnahmebeitrags zur\u00fcck erstattet. Bei Absage bis 2 Wochen vorher, werden 50% zur\u00fcck erstattet (bei Ersatzkandidat 100%). Bei einer kurzfristigeren Absage kann  leider keine R\u00fcckerstattung geleistet werden (au\u00dfer bei Ersatzkandidat, dann 100%).<\/p>\n\n\n\n<p>Die Mindestteilnehmeranzahl sind 6 Teilnehmende. Bei Absage von Seiten des Veranstalters wird der komplette Teilnahmebeitrag zur\u00fcck\u00fcberwiesen.<\/p>\n\n\n\n<p><strong>Anfragen bitte \u00fcber <\/strong><a href=\"mailto:hallo@jochenguertler.de\"><strong>hallo@jochenguertler.de<\/strong><\/a><\/p>\n\n\n\n<p>Selbstverst\u00e4ndlich biete ich diese Masterclass auch als<strong> Inhouse-Training<\/strong> an.<\/p>\n\n\n\n<h4 class=\"wp-block-heading\">Hotel-Empfehlungen<\/h4>\n\n\n\n<p>In unmittelbarer N\u00e4he des Schlachthofs und in wenigen Gehminuten bequem erreichbar sind die zwei folgenden Hotels, die ich wirklich empfehlen kann:<\/p>\n\n\n\n<ul class=\"wp-block-list\"><li><a href=\"http:\/\/sevendays-hotel.de\/de\/karlsruhe\">seven Days Hotel &amp; Boardinghous Karlsruhe<\/a><\/li><li><a href=\"https:\/\/holiday-inn-express-karlsruhe-city-park.hotel-mix.de\/\">Holiday Inn Express Karlsruhe<\/a><\/li><\/ul>\n\n\n\n<p><strong>Ich freue mich, Sie bei dieser Masterclass begr\u00fcssen zu d\u00fcrfen.<\/strong><\/p>\n","protected":false},"excerpt":{"rendered":"<p>Weniger tun und mehr erreichen. Von durchgetakteter Agenda hin zu Raum-gebender Begleitung von Teams und Organisationen. Facilitation ist gem\u00e4\u00df der Definition der International Association of Facilitation (IAF) &#8222;die Kunst, die Kreativit\u00e4t und Weisheit einer Gruppe zu Tage zu f\u00f6rdern durch Dialog, durch das Verfolgen umfangreicher Transparenz und Klarheit sowie eine Art der Beteiligung, die unterschiedliche [&hellip;]<\/p>\n","protected":false},"author":1,"featured_media":0,"parent":0,"menu_order":0,"comment_status":"closed","ping_status":"closed","template":"","meta":{"footnotes":""},"class_list":["post-2836","page","type-page","status-publish","hentry"],"_links":{"self":[{"href":"https:\/\/www.jochenguertler.de\/index.php?rest_route=\/wp\/v2\/pages\/2836","targetHints":{"allow":["GET"]}}],"collection":[{"href":"https:\/\/www.jochenguertler.de\/index.php?rest_route=\/wp\/v2\/pages"}],"about":[{"href":"https:\/\/www.jochenguertler.de\/index.php?rest_route=\/wp\/v2\/types\/page"}],"author":[{"embeddable":true,"href":"https:\/\/www.jochenguertler.de\/index.php?rest_route=\/wp\/v2\/users\/1"}],"replies":[{"embeddable":true,"href":"https:\/\/www.jochenguertler.de\/index.php?rest_route=%2Fwp%2Fv2%2Fcomments&post=2836"}],"version-history":[{"count":0,"href":"https:\/\/www.jochenguertler.de\/index.php?rest_route=\/wp\/v2\/pages\/2836\/revisions"}],"wp:attachment":[{"href":"https:\/\/www.jochenguertler.de\/index.php?rest_route=%2Fwp%2Fv2%2Fmedia&parent=2836"}],"curies":[{"name":"wp","href":"https:\/\/api.w.org\/{rel}","templated":true}]}}