{"id":718,"date":"2012-02-03T15:37:41","date_gmt":"2012-02-03T14:37:41","guid":{"rendered":"http:\/\/www.jochenguertler.de\/?page_id=718"},"modified":"2025-10-15T09:58:31","modified_gmt":"2025-10-15T08:58:31","slug":"meine-arbeit","status":"publish","type":"page","link":"https:\/\/www.jochenguertler.de\/?page_id=718","title":{"rendered":"Meine Arbeit"},"content":{"rendered":"<div data-colibri-id=\"718-c1\" class=\"style-524 style-local-718-c1 position-relative\">\n  <!---->\n  <div data-colibri-component=\"section\" data-colibri-id=\"718-c12\" id=\"titelbild\" class=\"h-section h-section-global-spacing d-flex align-items-lg-center align-items-md-center align-items-center style-693 style-local-718-c12 position-relative\">\n    <!---->\n    <!---->\n    <div class=\"h-section-grid-container h-section-fluid-container\">\n      <!---->\n      <div data-colibri-id=\"718-c13\" class=\"h-row-container gutters-row-lg-2 gutters-row-md-2 gutters-row-0 gutters-row-v-lg-2 gutters-row-v-md-2 gutters-row-v-2 style-694 style-local-718-c13 position-relative\">\n        <!---->\n        <div class=\"h-row justify-content-lg-center justify-content-md-center justify-content-center align-items-lg-stretch align-items-md-stretch align-items-stretch gutters-col-lg-2 gutters-col-md-2 gutters-col-0 gutters-col-v-lg-2 gutters-col-v-md-2 gutters-col-v-2\">\n          <!---->\n          <div class=\"h-column h-column-container d-flex h-col-lg-auto h-col-md-auto h-col-auto style-695-outer style-local-718-c14-outer\">\n            <div data-colibri-id=\"718-c14\" class=\"d-flex h-flex-basis h-column__inner h-px-lg-2 h-px-md-2 h-px-2 v-inner-lg-2 v-inner-md-2 v-inner-2 style-695 style-local-718-c14 position-relative\">\n              <!---->\n              <!---->\n              <div class=\"w-100 h-y-container h-column__content h-column__v-align flex-basis-100 align-self-lg-start align-self-md-start align-self-start\">\n                <!---->\n                <div data-colibri-id=\"718-c15\" class=\"style-696 style-local-718-c15 position-relative h-element\">\n                  <!---->\n                <\/div>\n              <\/div>\n            <\/div>\n          <\/div>\n        <\/div>\n      <\/div>\n      <div data-colibri-id=\"718-c16\" class=\"h-row-container gutters-row-lg-1 gutters-row-md-1 gutters-row-0 gutters-row-v-lg-1 gutters-row-v-md-1 gutters-row-v-1 style-697 style-local-718-c16 position-relative\">\n        <!---->\n        <div class=\"h-row justify-content-lg-start justify-content-md-start justify-content-start align-items-lg-stretch align-items-md-stretch align-items-stretch gutters-col-lg-1 gutters-col-md-1 gutters-col-0 gutters-col-v-lg-1 gutters-col-v-md-1 gutters-col-v-1\">\n          <!---->\n          <div class=\"h-column h-column-container d-flex h-col-lg-auto h-col-md-auto h-col-auto style-698-outer style-local-718-c17-outer\">\n            <div data-colibri-id=\"718-c17\" class=\"d-flex h-flex-basis h-column__inner h-ui-empty-state-container h-px-lg-0 h-px-md-0 h-px-0 v-inner-lg-0 v-inner-md-0 v-inner-0 style-698 style-local-718-c17 position-relative\">\n              <!---->\n              <!---->\n              <div class=\"w-100 h-y-container h-column__content h-column__v-align flex-basis-100\">\n                <!---->\n              <\/div>\n            <\/div>\n          <\/div>\n          <div class=\"h-column h-column-container d-flex h-col-lg-auto h-col-md-auto h-col-auto style-699-outer style-local-718-c18-outer\">\n            <div data-colibri-id=\"718-c18\" class=\"d-flex h-flex-basis h-column__inner h-px-lg-1 h-px-md-1 h-px-1 v-inner-lg-1 v-inner-md-1 v-inner-1 style-699 style-local-718-c18 position-relative\">\n              <!---->\n              <!---->\n              <div class=\"w-100 h-y-container h-column__content h-column__v-align flex-basis-100 align-self-lg-start align-self-md-start align-self-start\">\n                <!---->\n                <div data-colibri-id=\"718-c19\" class=\"h-text h-text-component style-700 style-local-718-c19 position-relative h-element\">\n                  <!---->\n                  <!---->\n                  <div class=\"\">\n                    <p>MEINE ANGEBOTE<\/p>\n                  <\/div>\n                <\/div>\n              <\/div>\n            <\/div>\n          <\/div>\n        <\/div>\n      <\/div>\n      <div data-colibri-id=\"718-c20\" class=\"h-row-container gutters-row-lg-1 gutters-row-md-1 gutters-row-0 gutters-row-v-lg-1 gutters-row-v-md-1 gutters-row-v-1 style-701 style-local-718-c20 position-relative\">\n        <!---->\n        <div class=\"h-row justify-content-lg-center justify-content-md-center justify-content-center align-items-lg-stretch align-items-md-stretch align-items-stretch gutters-col-lg-1 gutters-col-md-1 gutters-col-0 gutters-col-v-lg-1 gutters-col-v-md-1 gutters-col-v-1\">\n          <!---->\n          <div class=\"h-column h-column-container d-flex h-col-lg-auto h-col-md-auto h-col-auto style-702-outer style-local-718-c21-outer\">\n            <div data-colibri-id=\"718-c21\" class=\"d-flex h-flex-basis h-column__inner h-ui-empty-state-container h-px-lg-2 h-px-md-2 h-px-2 v-inner-lg-2 v-inner-md-2 v-inner-2 style-702 style-local-718-c21 position-relative\">\n              <!---->\n              <!---->\n              <div class=\"w-100 h-y-container h-column__content h-column__v-align flex-basis-100\">\n                <!---->\n              <\/div>\n            <\/div>\n          <\/div>\n          <div class=\"h-column h-column-container d-flex h-col-lg-auto h-col-md-auto h-col-auto style-703-outer style-local-718-c22-outer\">\n            <div data-colibri-id=\"718-c22\" class=\"d-flex h-flex-basis h-column__inner h-px-lg-1 h-px-md-1 h-px-1 v-inner-lg-1 v-inner-md-1 v-inner-1 style-703 style-local-718-c22 position-relative\">\n              <!---->\n              <!---->\n              <div class=\"w-100 h-y-container h-column__content h-column__v-align flex-basis-100 align-self-lg-start align-self-md-start align-self-start\">\n                <!---->\n                <div data-colibri-id=\"718-c23\" class=\"h-text h-text-component style-704 style-local-718-c23 position-relative h-element\">\n                  <!---->\n                  <!---->\n                  <div class=\"\">\n                    <p>&#8222;Chancen entstehen nicht, du schaffst sie.&#8220; \u2014 Chris Grosser&nbsp;<\/p>\n                  <\/div>\n                <\/div>\n              <\/div>\n            <\/div>\n          <\/div>\n        <\/div>\n      <\/div>\n      <div data-colibri-id=\"718-c24\" class=\"h-row-container gutters-row-lg-2 gutters-row-md-2 gutters-row-0 gutters-row-v-lg-2 gutters-row-v-md-2 gutters-row-v-2 style-705 style-local-718-c24 position-relative\">\n        <!---->\n        <div class=\"h-row justify-content-lg-center justify-content-md-center justify-content-center align-items-lg-stretch align-items-md-stretch align-items-stretch gutters-col-lg-2 gutters-col-md-2 gutters-col-0 gutters-col-v-lg-2 gutters-col-v-md-2 gutters-col-v-2\">\n          <!---->\n          <div class=\"h-column h-column-container d-flex h-col-lg-6 h-col-md-6 h-col-12 style-706-outer style-local-718-c25-outer\">\n            <div data-colibri-id=\"718-c25\" class=\"d-flex h-flex-basis h-column__inner h-px-lg-2 h-px-md-2 h-px-2 v-inner-lg-2 v-inner-md-2 v-inner-2 style-706 style-local-718-c25 position-relative\">\n              <!---->\n              <!---->\n              <div class=\"w-100 h-y-container h-column__content h-column__v-align flex-basis-100 align-self-lg-start align-self-md-start align-self-start\">\n                <!---->\n                <div data-colibri-id=\"718-c26\" class=\"style-707 style-local-718-c26 position-relative h-element\">\n                  <!---->\n                <\/div>\n              <\/div>\n            <\/div>\n          <\/div>\n        <\/div>\n      <\/div>\n    <\/div>\n  <\/div>\n  <div data-colibri-component=\"section\" data-colibri-id=\"718-c2\" id=\"custom\" class=\"h-section h-section-global-spacing d-flex align-items-lg-center align-items-md-center align-items-center style-533 style-local-718-c2 position-relative\">\n    <!---->\n    <!---->\n    <div class=\"h-section-grid-container h-section-boxed-container\">\n      <!---->\n      <div data-colibri-id=\"718-c3\" class=\"h-row-container gutters-row-lg-2 gutters-row-md-2 gutters-row-0 gutters-row-v-lg-2 gutters-row-v-md-2 gutters-row-v-2 style-534 style-local-718-c3 position-relative\">\n        <!---->\n        <div class=\"h-row justify-content-lg-center justify-content-md-center justify-content-center align-items-lg-stretch align-items-md-stretch align-items-stretch gutters-col-lg-2 gutters-col-md-2 gutters-col-0 gutters-col-v-lg-2 gutters-col-v-md-2 gutters-col-v-2\">\n          <!---->\n          <div class=\"h-column h-column-container d-flex h-col-lg-auto h-col-md-auto h-col-auto style-535-outer style-local-718-c4-outer\">\n            <div data-colibri-id=\"718-c4\" class=\"d-flex h-flex-basis h-column__inner h-px-lg-2 h-px-md-2 h-px-2 v-inner-lg-2 v-inner-md-2 v-inner-2 style-535 style-local-718-c4 position-relative\">\n              <!---->\n              <!---->\n              <div class=\"w-100 h-y-container h-column__content h-column__v-align flex-basis-100 align-self-lg-start align-self-md-start align-self-start\">\n                <!---->\n                <div data-colibri-id=\"718-c5\" class=\"d-block style-558 style-local-718-c5 position-relative h-element\">\n                  <!---->\n                  <div class=\"h-image__frame-container-outer\">\n                    <div class=\"h-image__frame-container\">\n                      <!---->\n                      <!---->\n                      <img loading=\"lazy\" decoding=\"async\" width=\"1600\" height=\"2400\" src=\"https:\/\/www.jochenguertler.de\/wp-content\/uploads\/2019\/09\/Jochen_029.jpg\" class=\"wp-image-2659 style-558-image style-local-718-c5-image\" alt=\"\" srcset=\"https:\/\/www.jochenguertler.de\/wp-content\/uploads\/2019\/09\/Jochen_029.jpg 1600w, https:\/\/www.jochenguertler.de\/wp-content\/uploads\/2019\/09\/Jochen_029-200x300.jpg 200w, https:\/\/www.jochenguertler.de\/wp-content\/uploads\/2019\/09\/Jochen_029-768x1152.jpg 768w, https:\/\/www.jochenguertler.de\/wp-content\/uploads\/2019\/09\/Jochen_029-683x1024.jpg 683w\" sizes=\"auto, (max-width: 1600px) 100vw, 1600px\" \/>\n                      <div class=\"h-image__frame h-hide-lg h-hide-md h-hide-sm style-558-frameImage style-local-718-c5-frameImage\"><\/div>\n                    <\/div>\n                  <\/div>\n                <\/div>\n              <\/div>\n            <\/div>\n          <\/div>\n          <div class=\"h-column h-column-container d-flex h-col-lg-auto h-col-md-auto h-col-auto style-536-outer style-local-718-c6-outer\">\n            <div data-colibri-id=\"718-c6\" class=\"d-flex h-flex-basis h-column__inner h-px-lg-2 h-px-md-2 h-px-2 v-inner-lg-2 v-inner-md-2 v-inner-2 style-536 style-local-718-c6 position-relative\">\n              <!---->\n              <!---->\n              <div class=\"w-100 h-y-container h-column__content h-column__v-align flex-basis-100 align-self-lg-start align-self-md-start align-self-start\">\n                <!---->\n                <div data-colibri-id=\"718-c7\" class=\"h-text h-text-component style-541 style-local-718-c7 position-relative h-element\">\n                  <!---->\n                  <!---->\n                  <div class=\"\">\n                    <p>Seit fast 20 Jahren begleite ich Menschen, Teams und Organisationen auf dem Weg zu mehr <strong>Klarheit, Kreativit\u00e4t und Wirksamkeit<\/strong> \u2013 in Innovationsprozessen, F\u00fchrungskr\u00e4fteprogrammen und Transformationsvorhaben hin zu einer\n                      agilen, kreativen und menschenzentrierten Unternehmenskultur.\n                      <br>\n                    <\/p>\n                    <p>Meine Auftraggeber:innen kommen aus ganz unterschiedlichen Kontexten \u2013 von internationalen Konzernen \u00fcber Sozialunternehmen bis hin zu Schulen, Start-ups oder zivilgesellschaftlichen Initiativen.<\/p>\n                    <p>Ich verstehe mich <strong>nicht als reinen Methoden-Experten<\/strong>, der fertige L\u00f6sungen liefert, sondern als <strong>begleitender Impulsgeber<\/strong> f\u00fcr echte Ver\u00e4nderung \u2013 nah an den Menschen, offen im Prozess und immer mit\n                      einem Blick f\u00fcr das, was wirklich z\u00e4hlt.<\/p>\n                  <\/div>\n                <\/div>\n              <\/div>\n            <\/div>\n          <\/div>\n          <div class=\"h-column h-column-container d-flex h-col-lg-auto h-col-md-auto h-col-auto style-537-outer style-local-718-c8-outer\">\n            <div data-colibri-id=\"718-c8\" class=\"d-flex h-flex-basis h-column__inner h-px-lg-2 h-px-md-2 h-px-2 v-inner-lg-2 v-inner-md-2 v-inner-2 style-537 style-local-718-c8 position-relative\">\n              <!---->\n              <!---->\n              <div class=\"w-100 h-y-container h-column__content h-column__v-align flex-basis-100 align-self-lg-start align-self-md-start align-self-start\">\n                <!---->\n                <div data-colibri-id=\"718-c9\" class=\"h-text h-text-component style-544 style-local-718-c9 position-relative h-element\">\n                  <!---->\n                  <!---->\n                  <div class=\"\">\n                    <p>Ein zentraler Fokus meiner Arbeit liegt im <strong>mutigen und kreativen Neudenken<\/strong>:\n                      <br>Ich konzipiere und moderiere Innovations-Workshops und -Projekte, begleite Teams bei der Entwicklung neuer Produkte, Services und Gesch\u00e4ftsmodelle, entwerfe lebendige Lernformate \u2013 und unterst\u00fctze Organisationen dabei, ihre Zusammenarbeit,\n                      Rollen und Strukturen neu auszurichten.<\/p>\n                    <p>Ein weiterer Schwerpunkt ist die <strong>Arbeit mit F\u00fchrungskr\u00e4ften<\/strong>.\n                      <br>Ich unterst\u00fctze Menschen in F\u00fchrungsverantwortung dabei, ihre eigene Haltung und Pers\u00f6nlichkeit fernab von Managementmoden zu reflektieren und weiterzuentwickeln \u2013 als Grundlage f\u00fcr <strong>glaubw\u00fcrdige, menschenorientierte und wirksame F\u00fchrung<\/strong>.<\/p>\n                    <p>Dabei arbeite ich methodisch fundiert \u2013 aber nicht dogmatisch.\n                      <br>\n                    <\/p>\n                  <\/div>\n                <\/div>\n              <\/div>\n            <\/div>\n          <\/div>\n          <div class=\"h-column h-column-container d-flex h-col-lg-auto h-col-md-auto h-col-auto style-538-outer style-local-718-c10-outer\">\n            <div data-colibri-id=\"718-c10\" class=\"d-flex h-flex-basis h-column__inner h-px-lg-2 h-px-md-2 h-px-2 v-inner-lg-2 v-inner-md-2 v-inner-2 style-538 style-local-718-c10 position-relative\">\n              <!---->\n              <!---->\n              <div class=\"w-100 h-y-container h-column__content h-column__v-align flex-basis-100 align-self-lg-start align-self-md-start align-self-start\">\n                <!---->\n                <div data-colibri-id=\"718-c11\" class=\"h-text h-text-component style-550 style-local-718-c11 position-relative h-element\">\n                  <!---->\n                  <!---->\n                  <div class=\"\">\n                    <p><strong>Design Thinking<\/strong> ist f\u00fcr mich weit mehr als eine Innovationsmethode \u2013 es ist eine grunds\u00e4tzliche Herangehensweise an komplexe Fragestellungen, mit der ich seit \u00fcber einem Jahrzehnt arbeite. Erg\u00e4nzt wird diese Haltung\n                      durch meine Ausbildung in <strong>Gestalttherapie<\/strong>, die mir fernab vom therapeutischen Kontext eine tiefe Grundlage f\u00fcr meine Arbeit als Coach, Facilitator und Trainer bietet.<\/p>\n                    <p>Neben meiner Arbeit mit Unternehmen und Organisationen bin ich auch Mitgr\u00fcnder von\n                      <br><strong>redesignYOU<\/strong> \u2013 einem Workshop-Programm, in dem wir Design Thinking und Pers\u00f6nlichkeitsentwicklung f\u00fcr Sch\u00fcler:innen und Schulen kombinieren.\n                      <br>Zudem bin ich Mitgr\u00fcnder der <strong>Impact Week<\/strong> \u2013 einer globalen Bildungsinitiative, in der wir in Entwicklungs- und Schwellenl\u00e4ndern Design Thinking und Entrepreneurship vermitteln und damit lokale Innovationskraft st\u00e4rken.<\/p>\n                  <\/div>\n                <\/div>\n              <\/div>\n            <\/div>\n          <\/div>\n        <\/div>\n      <\/div>\n    <\/div>\n  <\/div>\n<\/div>","protected":false},"excerpt":{"rendered":"<p>MEINE ANGEBOTE &#8222;Chancen entstehen nicht, du schaffst sie.&#8220; \u2014 Chris Grosser&nbsp; Seit fast 20 Jahren begleite ich Menschen, Teams und Organisationen auf dem Weg zu mehr Klarheit, Kreativit\u00e4t und Wirksamkeit \u2013 in Innovationsprozessen, F\u00fchrungskr\u00e4fteprogrammen und Transformationsvorhaben hin zu einer agilen, kreativen und menschenzentrierten Unternehmenskultur. Meine Auftraggeber:innen kommen aus ganz unterschiedlichen Kontexten \u2013 von internationalen Konzernen [&hellip;]<\/p>\n","protected":false},"author":1,"featured_media":0,"parent":0,"menu_order":4,"comment_status":"closed","ping_status":"closed","template":"page-templates\/full-width-page.php","meta":{"footnotes":""},"class_list":["post-718","page","type-page","status-publish","hentry"],"_links":{"self":[{"href":"https:\/\/www.jochenguertler.de\/index.php?rest_route=\/wp\/v2\/pages\/718","targetHints":{"allow":["GET"]}}],"collection":[{"href":"https:\/\/www.jochenguertler.de\/index.php?rest_route=\/wp\/v2\/pages"}],"about":[{"href":"https:\/\/www.jochenguertler.de\/index.php?rest_route=\/wp\/v2\/types\/page"}],"author":[{"embeddable":true,"href":"https:\/\/www.jochenguertler.de\/index.php?rest_route=\/wp\/v2\/users\/1"}],"replies":[{"embeddable":true,"href":"https:\/\/www.jochenguertler.de\/index.php?rest_route=%2Fwp%2Fv2%2Fcomments&post=718"}],"version-history":[{"count":20,"href":"https:\/\/www.jochenguertler.de\/index.php?rest_route=\/wp\/v2\/pages\/718\/revisions"}],"predecessor-version":[{"id":4277,"href":"https:\/\/www.jochenguertler.de\/index.php?rest_route=\/wp\/v2\/pages\/718\/revisions\/4277"}],"wp:attachment":[{"href":"https:\/\/www.jochenguertler.de\/index.php?rest_route=%2Fwp%2Fv2%2Fmedia&parent=718"}],"curies":[{"name":"wp","href":"https:\/\/api.w.org\/{rel}","templated":true}]}}